{"id":213,"date":"2022-02-13T15:01:07","date_gmt":"2022-02-13T14:01:07","guid":{"rendered":"http:\/\/www.princessetao.com\/blog\/?page_id=213"},"modified":"2022-02-13T15:01:07","modified_gmt":"2022-02-13T14:01:07","slug":"plan-du-site","status":"publish","type":"page","link":"https:\/\/www.princessetao.com\/blog\/plan-du-site\/","title":{"rendered":"Plan du site"},"content":{"rendered":"<p><strong><div class=\"wsp-container\"><h2 class=\"wsp-pages-title\">Pages<\/h2>\n<ul class=\"wsp-pages-list\">\n<li class=\"page_item page-item-213\"><a href=\"https:\/\/www.princessetao.com\/blog\/plan-du-site\/\">Plan du site<\/a><\/li>\n<\/ul>\n<h2 class=\"wsp-posts-title\">Articles par cat\u00e9gorie<\/h2>\n<ul class=\"wsp-posts-list\">\n\t<li><strong class=\"wsp-category-title\">Category: <a href=\"https:\/\/www.princessetao.com\/blog\/assurance\/\">Assurance<\/a><\/strong>\n<ul class=\"wsp-posts-list\">\t\t<li class=\"wsp-post\"><a href=\"https:\/\/www.princessetao.com\/blog\/assurance-voyage-april\/\">Quelles sont les 4 offres de l&rsquo;assurance voyage d&rsquo;April ?<\/a><\/li>\n\t\t<li class=\"wsp-post\"><a href=\"https:\/\/www.princessetao.com\/blog\/quelle-assurance-pour-une-trottinette-45-km-h\/\">Quelle assurance pour une trottinette 45 km\/h ?<\/a><\/li>\n\t\t<li class=\"wsp-post\"><a href=\"https:\/\/www.princessetao.com\/blog\/prix-assurance-logement-etudiant\/\">Quel est le prix d\u2019une assurance habitation logement \u00e9tudiant ?<\/a><\/li>\n<\/ul><\/li>\n\t<li><strong class=\"wsp-category-title\">Category: <a href=\"https:\/\/www.princessetao.com\/blog\/auto-moto\/\">Auto Moto<\/a><\/strong>\n<ul class=\"wsp-posts-list\">\t\t<li class=\"wsp-post\"><a href=\"https:\/\/www.princessetao.com\/blog\/assurance-flotte-automobile-collection\/\">Quelle est la meilleure assurance flotte automobile pour voitures de collection ?<\/a><\/li>\n<\/ul><\/li>\n\t<li><strong class=\"wsp-category-title\">Category: <a href=\"https:\/\/www.princessetao.com\/blog\/banque\/\">Banque<\/a><\/strong>\n<ul class=\"wsp-posts-list\">\t\t<li class=\"wsp-post\"><a href=\"https:\/\/www.princessetao.com\/blog\/banque-en-ligne-carte-gold-gratuite\/\">Comment obtenir une carte Gold gratuite sur une banque en ligne ?<\/a><\/li>\n<\/ul><\/li>\n\t<li><strong class=\"wsp-category-title\">Category: <a href=\"https:\/\/www.princessetao.com\/blog\/beaute\/\">Beaut\u00e9<\/a><\/strong>\n<ul class=\"wsp-posts-list\">\t\t<li class=\"wsp-post\"><a href=\"https:\/\/www.princessetao.com\/blog\/coiffeur\/\">Quel meilleur coiffeur visagiste, salon de coiffure choisir ?<\/a><\/li>\n\t\t<li class=\"wsp-post\"><a href=\"https:\/\/www.princessetao.com\/blog\/produits-coiffeur-professionnel\/\">O\u00f9 trouver produits de coiffeur qualit\u00e9 professionnel pas cher ?<\/a><\/li>\n<\/ul><\/li>\n\t<li><strong class=\"wsp-category-title\">Category: <a href=\"https:\/\/www.princessetao.com\/blog\/business\/\">Business<\/a><\/strong>\n<ul class=\"wsp-posts-list\">\t\t<li class=\"wsp-post\"><a href=\"https:\/\/www.princessetao.com\/blog\/financiere-istra\/\">FINANCIERE ISTRA : Le nouveau leader de la finance patrimoniale d\u00e9mocratis\u00e9e r\u00e9volutionne l&rsquo;acc\u00e8s aux placements d&rsquo;\u00e9lite<\/a><\/li>\n\t\t<li class=\"wsp-post\"><a href=\"https:\/\/www.princessetao.com\/blog\/job-en-ligne-senegal\/\">Job en ligne au S\u00e9n\u00e9gal : ces strat\u00e9gies \u00e0 adopter pour vite trouver un emploi<\/a><\/li>\n\t\t<li class=\"wsp-post\"><a href=\"https:\/\/www.princessetao.com\/blog\/casino-ligne-meilleurs-sites\/\">D\u00e9couvrez les meilleurs sites de casino en ligne !<\/a><\/li>\n\t\t<li class=\"wsp-post\"><a href=\"https:\/\/www.princessetao.com\/blog\/actu-p2e\/\">L&rsquo;actualit\u00e9 des jeux P2E<\/a><\/li>\n\t\t<li class=\"wsp-post\"><a href=\"https:\/\/www.princessetao.com\/blog\/avis-portage-salarial-informatique\/\">Quels sont les avantages et les inconv\u00e9nients du portage salarial en informatique ?<\/a><\/li>\n<\/ul><\/li>\n\t<li><strong class=\"wsp-category-title\">Category: <a href=\"https:\/\/www.princessetao.com\/blog\/decoration\/\">D\u00e9coration<\/a><\/strong>\n<ul class=\"wsp-posts-list\">\t\t<li class=\"wsp-post\"><a href=\"https:\/\/www.princessetao.com\/blog\/difference-entre-table-de-chevet-nuit\/\">Quelle est la diff\u00e9rence entre une table de chevet et une table de nuit ?<\/a><\/li>\n\t\t<li class=\"wsp-post\"><a href=\"https:\/\/www.princessetao.com\/blog\/prolonger-meubles-exterieurs\/\">Comment prolonger la vie de vos meubles d\u2019ext\u00e9rieur\u2009?<\/a><\/li>\n\t\t<li class=\"wsp-post\"><a href=\"https:\/\/www.princessetao.com\/blog\/table-basse-industrielle\/\">Quelle table basse choisir pour une d\u00e9coration industrielle ?<\/a><\/li>\n\t\t<li class=\"wsp-post\"><a href=\"https:\/\/www.princessetao.com\/blog\/decoration-anniversaire-sirene\/\">Mes conseils pour r\u00e9ussir une d\u00e9coration d&rsquo;anniversaire sir\u00e8ne<\/a><\/li>\n\t\t<li class=\"wsp-post\"><a href=\"https:\/\/www.princessetao.com\/blog\/cadre-photo-argente\/\">O\u00f9 acheter un cadre photo argent\u00e9 brillant ou paillett\u00e9 ?<\/a><\/li>\n\t\t<li class=\"wsp-post\"><a href=\"https:\/\/www.princessetao.com\/blog\/site-decoration\/\">Quel meilleur site boutique pour acheter meubles d\u00e9coration en ligne ?<\/a><\/li>\n<\/ul><\/li>\n\t<li><strong class=\"wsp-category-title\">Category: <a href=\"https:\/\/www.princessetao.com\/blog\/immobilier\/\">Immobilier<\/a><\/strong>\n<ul class=\"wsp-posts-list\">\t\t<li class=\"wsp-post\"><a href=\"https:\/\/www.princessetao.com\/blog\/location-malakoff\/\">Location \u00e0 Malakoff\u202f: pourquoi confier votre bien \u00e0 un service de gestion locative local ?<\/a><\/li>\n\t\t<li class=\"wsp-post\"><a href=\"https:\/\/www.princessetao.com\/blog\/gestion-locative-particulier\/\">Peut-on assurer seul la gestion locative de ses biens ?<\/a><\/li>\n<\/ul><\/li>\n\t<li><strong class=\"wsp-category-title\">Category: <a href=\"https:\/\/www.princessetao.com\/blog\/investissement\/\">Investissement<\/a><\/strong>\n<ul class=\"wsp-posts-list\">\t\t<li class=\"wsp-post\"><a href=\"https:\/\/www.princessetao.com\/blog\/comment-peut-on-acheter-du-mobilier-pour-une-collectivite\/\">Comment peut-on acheter du mobilier pour une collectivit\u00e9 ?<\/a><\/li>\n\t\t<li class=\"wsp-post\"><a href=\"https:\/\/www.princessetao.com\/blog\/le-trading-est-il-imposable\/\">D\u00e9couvrez les d\u00e9tails \u00e0 propos des impositions du trading !<\/a><\/li>\n\t\t<li class=\"wsp-post\"><a href=\"https:\/\/www.princessetao.com\/blog\/investir-luxe\/\">Meilleures marques de sacs \u00e0 main de luxe, un investissement<\/a><\/li>\n<\/ul><\/li>\n\t<li><strong class=\"wsp-category-title\">Category: <a href=\"https:\/\/www.princessetao.com\/blog\/mode\/\">Mode<\/a><\/strong>\n<ul class=\"wsp-posts-list\">\t\t<li class=\"wsp-post\"><a href=\"https:\/\/www.princessetao.com\/blog\/robe-ete\/\">O\u00f9 acheter une robe pour l&rsquo;\u00e9t\u00e9 ?<\/a><\/li>\n\t\t<li class=\"wsp-post\"><a href=\"https:\/\/www.princessetao.com\/blog\/montres-femme-2025\/\">Top 10 des montres pour femme qui dominent les tendances mode en 2025<\/a><\/li>\n\t\t<li class=\"wsp-post\"><a href=\"https:\/\/www.princessetao.com\/blog\/culotte-menstruelle\/\">Comment se lave et rincer des culottes menstruelles ?<\/a><\/li>\n\t\t<li class=\"wsp-post\"><a href=\"https:\/\/www.princessetao.com\/blog\/vetement-anti-transpiration\/\">O\u00f9 acheter ses v\u00eatements, sous v\u00eatements anti-transpirants?<\/a><\/li>\n\t\t<li class=\"wsp-post\"><a href=\"https:\/\/www.princessetao.com\/blog\/chaussette-femme-made-in-france\/\">O\u00f9 acheter une paire de chaussette pour femme made in France ?<\/a><\/li>\n\t\t<li class=\"wsp-post\"><a href=\"https:\/\/www.princessetao.com\/blog\/laver-vetements-en-soie\/\">Laver la soie en machine ou \u00e0 la main : comment laver des v\u00eatement en soie ?<\/a><\/li>\n\t\t<li class=\"wsp-post\"><a href=\"https:\/\/www.princessetao.com\/blog\/difference-cuir-croute-cuir\/\">Diff\u00e9rence entre cuir pleine fleur et croute de cuir<\/a><\/li>\n\t\t<li class=\"wsp-post\"><a href=\"https:\/\/www.princessetao.com\/blog\/pashmina\/\">Comment reconna\u00eetre porter un vrai pashmina en cachemire ?<\/a><\/li>\n<\/ul><\/li>\n\t<li><strong class=\"wsp-category-title\">Category: <a href=\"https:\/\/www.princessetao.com\/blog\/sante\/\">Sant\u00e9<\/a><\/strong>\n<ul class=\"wsp-posts-list\">\t\t<li class=\"wsp-post\"><a href=\"https:\/\/www.princessetao.com\/blog\/goutte-cbd-dormir\/\">Combien de gouttes de CBD prendre pour dormir\u202f?<\/a><\/li>\n\t\t<li class=\"wsp-post\"><a href=\"https:\/\/www.princessetao.com\/blog\/shampoing-solide-contre-psoriasis\/\">O\u00f9 acheter un shampoing solide contre le psoriasis ?<\/a><\/li>\n\t\t<li class=\"wsp-post\"><a href=\"https:\/\/www.princessetao.com\/blog\/huile-cbd-pharmacie\/\">Peut-on acheter l&rsquo;huile de CBD en pharmacie ?<\/a><\/li>\n<\/ul><\/li>\n\t<li><strong class=\"wsp-category-title\">Category: <a href=\"https:\/\/www.princessetao.com\/blog\/shopping\/\">Shopping<\/a><\/strong>\n<ul class=\"wsp-posts-list\">\t\t<li class=\"wsp-post\"><a href=\"https:\/\/www.princessetao.com\/blog\/dee-cadeau-personnalise-mariage\/\">Quelle id\u00e9e cadeau personnalis\u00e9 offrir pour un mariage ?<\/a><\/li>\n\t\t<li class=\"wsp-post\"><a href=\"https:\/\/www.princessetao.com\/blog\/couette-4-saisons\/\">Pourquoi, comment choisir une couette 4 saisons ? mon avis<\/a><\/li>\n\t\t<li class=\"wsp-post\"><a href=\"https:\/\/www.princessetao.com\/blog\/boutique-de-location-jeu-societe-entre-particuliers-ou-en-ligne\/\">Boutique de location jeu soci\u00e9t\u00e9 entre particuliers ou en ligne<\/a><\/li>\n\t\t<li class=\"wsp-post\"><a href=\"https:\/\/www.princessetao.com\/blog\/pull-bonne-qualite\/\">O\u00f9 trouver des pulls de bonne qualit\u00e9 ?<\/a><\/li>\n\t\t<li class=\"wsp-post\"><a href=\"https:\/\/www.princessetao.com\/blog\/echarpe-cachemire-pashmina\/\">O\u00f9 trouver vrai \u00e9charpe en cachemire pashmina indienne ?<\/a><\/li>\n\t\t<li class=\"wsp-post\"><a href=\"https:\/\/www.princessetao.com\/blog\/headband-bandeau-cheveux\/\">O\u00f9 acheter bandeaux cheveux headband mariage pas cher ?<\/a><\/li>\n\t\t<li class=\"wsp-post\"><a href=\"https:\/\/www.princessetao.com\/blog\/sac-publicitaire\/\">Comment imprimer ses sacs publicitaires en tissu personnalis\u00e9s ?<\/a><\/li>\n\t\t<li class=\"wsp-post\"><a href=\"https:\/\/www.princessetao.com\/blog\/bijoux-bonne-qualite\/\">Quelle meilleure marque site bijoux de bonne qualit\u00e9 pour femme ?<\/a><\/li>\n\t\t<li class=\"wsp-post\"><a href=\"https:\/\/www.princessetao.com\/blog\/made-in-france\/\">Made in France : acheter fran\u00e7ais, int\u00e9r\u00eat valeurs marque et site<\/a><\/li>\n\t\t<li class=\"wsp-post\"><a href=\"https:\/\/www.princessetao.com\/blog\/soie-thailandaise\/\">O\u00f9 acheter beau foulard en soie qualit\u00e9 haut de gamme ?<\/a><\/li>\n<\/ul><\/li>\n\t<li><strong class=\"wsp-category-title\">Category: <a href=\"https:\/\/www.princessetao.com\/blog\/spiritualite\/\">Spiritualit\u00e9<\/a><\/strong>\n<ul class=\"wsp-posts-list\">\t\t<li class=\"wsp-post\"><a href=\"https:\/\/www.princessetao.com\/blog\/voyage-spirituel\/\">Comment choisir un voyage retraite spirituelle ?<\/a><\/li>\n\t\t<li class=\"wsp-post\"><a href=\"https:\/\/www.princessetao.com\/blog\/meditation-bol-tibetain\/\">Comment m\u00e9diter efficacement avec un bol tib\u00e9tain ?<\/a><\/li>\n\t\t<li class=\"wsp-post\"><a href=\"https:\/\/www.princessetao.com\/blog\/voyance-gratuite-immediate-par-sms\/\">Comment fonctionne la voyance gratuite et imm\u00e9diate par SMS ?<\/a><\/li>\n<\/ul><\/li>\n\t<li><strong class=\"wsp-category-title\">Category: <a href=\"https:\/\/www.princessetao.com\/blog\/sports\/\">Sports<\/a><\/strong>\n<ul class=\"wsp-posts-list\">\t\t<li class=\"wsp-post\"><a href=\"https:\/\/www.princessetao.com\/blog\/pronostic-tennis-melbourne\/\">Qui sont les joueurs favoris du tournoi de tennis de Melbourne ?<\/a><\/li>\n<\/ul><\/li>\n\t<li><strong class=\"wsp-category-title\">Category: <a href=\"https:\/\/www.princessetao.com\/blog\/technologies\/\">Technologies<\/a><\/strong>\n<ul class=\"wsp-posts-list\">\t\t<li class=\"wsp-post\"><a href=\"https:\/\/www.princessetao.com\/blog\/outil-sous-titrage-video\/\">Quelle application, outil puis-je utiliser pour sous-titrer une vid\u00e9o ?<\/a><\/li>\n\t\t<li class=\"wsp-post\"><a href=\"https:\/\/www.princessetao.com\/blog\/forfait-compatible-g5\/\">Meilleur forfait compatible 5G en France actuellement !<\/a><\/li>\n<\/ul><\/li>\n\t<li><strong class=\"wsp-category-title\">Category: <a href=\"https:\/\/www.princessetao.com\/blog\/travaux\/\">Travaux<\/a><\/strong>\n<ul class=\"wsp-posts-list\">\t\t<li class=\"wsp-post\"><a href=\"https:\/\/www.princessetao.com\/blog\/entreprise-de-renovation-de-salle-de-bain\/\">Quelles sont les entreprises, artisans pour la r\u00e9novation de salle de bain ?<\/a><\/li>\n\t\t<li class=\"wsp-post\"><a href=\"https:\/\/www.princessetao.com\/blog\/bardage-bois-exterieur-vertical\/\">Pourquoi opter pour le bardage en bois ext\u00e9rieur vertical ?<\/a><\/li>\n\t\t<li class=\"wsp-post\"><a href=\"https:\/\/www.princessetao.com\/blog\/poele-granules-10kw\/\">Pourquoi opter pour le po\u00eale \u00e0 granul\u00e9s 10 kW ?<\/a><\/li>\n\t\t<li class=\"wsp-post\"><a href=\"https:\/\/www.princessetao.com\/blog\/plombier-depannage-asnieres-sur-seine\/\">Comment choisir un plombier de d\u00e9pannage \u00e0 Asni\u00e8res-sur-Seine ?<\/a><\/li>\n\t\t<li class=\"wsp-post\"><a href=\"https:\/\/www.princessetao.com\/blog\/plombier-lausanne-nyon\/\">Comment trouver un artisan plombier \u00e0 Lausanne et \u00e0 Nyon ?<\/a><\/li>\n<\/ul><\/li>\n\t<li><strong class=\"wsp-category-title\">Category: <a href=\"https:\/\/www.princessetao.com\/blog\/vie-pratique\/\">Vie pratique<\/a><\/strong>\n<ul class=\"wsp-posts-list\">\t\t<li class=\"wsp-post\"><a href=\"https:\/\/www.princessetao.com\/blog\/laver-percale-coton\/\">Comment laver la percale de coton ?<\/a><\/li>\n\t\t<li class=\"wsp-post\"><a href=\"https:\/\/www.princessetao.com\/blog\/peluches-sonores\/\">Comment les peluches sonores peuvent-elles am\u00e9liorer le sommeil des b\u00e9b\u00e9s ?<\/a><\/li>\n\t\t<li class=\"wsp-post\"><a href=\"https:\/\/www.princessetao.com\/blog\/comparateur-energie\/\">Economisez sur vos prochaines factures \u00e9nerg\u00e9tiques gr\u00e2ces aux comparateurs de fournisseurs d&rsquo;\u00e9nergie !<\/a><\/li>\n\t\t<li class=\"wsp-post\"><a href=\"https:\/\/www.princessetao.com\/blog\/garage-reprise-voiture\/\">Est-ce une bonne id\u00e9e de faire la reprise de sa voiture au niveau d&rsquo;un garage ?<\/a><\/li>\n<\/ul><\/li>\n\t<li><strong class=\"wsp-category-title\">Category: <a href=\"https:\/\/www.princessetao.com\/blog\/voyage\/\">Voyage<\/a><\/strong>\n<ul class=\"wsp-posts-list\">\t\t<li class=\"wsp-post\"><a href=\"https:\/\/www.princessetao.com\/blog\/prix-assurance-voyage\/\">Quel est le prix d&rsquo;un assurance rcp agence de voyage ?<\/a><\/li>\n\t\t<li class=\"wsp-post\"><a href=\"https:\/\/www.princessetao.com\/blog\/croisiere-rhone\/\">Combien co\u00fbte une croisi\u00e8re \u00e0 Rh\u00f4ne ?<\/a><\/li>\n\t\t<li class=\"wsp-post\"><a href=\"https:\/\/www.princessetao.com\/blog\/visa-thailande-en-ligne\/\">Comment obtenir un visa 6 mois Tha\u00eflande en ligne ?<\/a><\/li>\n\t\t<li class=\"wsp-post\"><a href=\"https:\/\/www.princessetao.com\/blog\/visa-voyage-inde\/\">Comment faire une demande de visa Inde pour fran\u00e7ais en ligne ?<\/a><\/li>\n<\/ul><\/li>\n<\/ul>\n<\/div><\/strong><\/p>\n","protected":false},"excerpt":{"rendered":"","protected":false},"author":2,"featured_media":0,"parent":0,"menu_order":0,"comment_status":"closed","ping_status":"closed","template":"","meta":[],"yoast_head":"<!-- This site is optimized with the Yoast SEO plugin v18.1 - https:\/\/yoast.com\/wordpress\/plugins\/seo\/ -->\n<title>Plan du site - Webzine de Tao<\/title>\n<meta name=\"robots\" content=\"index, follow, max-snippet:-1, max-image-preview:large, max-video-preview:-1\" \/>\n<link rel=\"canonical\" href=\"http:\/\/www.princessetao.com\/blog\/plan-du-site\/\" \/>\n<meta property=\"og:locale\" content=\"fr_FR\" \/>\n<meta property=\"og:type\" content=\"article\" \/>\n<meta property=\"og:title\" content=\"Plan du site - Webzine de Tao\" \/>\n<meta property=\"og:url\" content=\"http:\/\/www.princessetao.com\/blog\/plan-du-site\/\" \/>\n<meta property=\"og:site_name\" content=\"Webzine de Tao\" \/>\n<meta name=\"twitter:label1\" content=\"Dur\u00e9e de lecture estim\u00e9e\" \/>\n\t<meta name=\"twitter:data1\" content=\"1 minute\" \/>\n<script type=\"application\/ld+json\" class=\"yoast-schema-graph\">{\"@context\":\"https:\/\/schema.org\",\"@graph\":[{\"@type\":\"WebSite\",\"@id\":\"https:\/\/www.princessetao.com\/blog\/#website\",\"url\":\"https:\/\/www.princessetao.com\/blog\/\",\"name\":\"Webzine de Tao\",\"description\":\"Magazine shopping, info, conseils et bons plans\",\"potentialAction\":[{\"@type\":\"SearchAction\",\"target\":{\"@type\":\"EntryPoint\",\"urlTemplate\":\"https:\/\/www.princessetao.com\/blog\/?s={search_term_string}\"},\"query-input\":\"required name=search_term_string\"}],\"inLanguage\":\"fr-FR\"},{\"@type\":\"WebPage\",\"@id\":\"http:\/\/www.princessetao.com\/blog\/plan-du-site\/#webpage\",\"url\":\"http:\/\/www.princessetao.com\/blog\/plan-du-site\/\",\"name\":\"Plan du site - Webzine de Tao\",\"isPartOf\":{\"@id\":\"https:\/\/www.princessetao.com\/blog\/#website\"},\"datePublished\":\"2022-02-13T14:01:07+00:00\",\"dateModified\":\"2022-02-13T14:01:07+00:00\",\"breadcrumb\":{\"@id\":\"http:\/\/www.princessetao.com\/blog\/plan-du-site\/#breadcrumb\"},\"inLanguage\":\"fr-FR\",\"potentialAction\":[{\"@type\":\"ReadAction\",\"target\":[\"http:\/\/www.princessetao.com\/blog\/plan-du-site\/\"]}]},{\"@type\":\"BreadcrumbList\",\"@id\":\"http:\/\/www.princessetao.com\/blog\/plan-du-site\/#breadcrumb\",\"itemListElement\":[{\"@type\":\"ListItem\",\"position\":1,\"name\":\"Home\",\"item\":\"https:\/\/www.princessetao.com\/blog\/\"},{\"@type\":\"ListItem\",\"position\":2,\"name\":\"Plan du site\"}]}]}<\/script>\n<!-- \/ Yoast SEO plugin. -->","yoast_head_json":{"title":"Plan du site - Webzine de Tao","robots":{"index":"index","follow":"follow","max-snippet":"max-snippet:-1","max-image-preview":"max-image-preview:large","max-video-preview":"max-video-preview:-1"},"canonical":"http:\/\/www.princessetao.com\/blog\/plan-du-site\/","og_locale":"fr_FR","og_type":"article","og_title":"Plan du site - Webzine de Tao","og_url":"http:\/\/www.princessetao.com\/blog\/plan-du-site\/","og_site_name":"Webzine de Tao","twitter_misc":{"Dur\u00e9e de lecture estim\u00e9e":"1 minute"},"schema":{"@context":"https:\/\/schema.org","@graph":[{"@type":"WebSite","@id":"https:\/\/www.princessetao.com\/blog\/#website","url":"https:\/\/www.princessetao.com\/blog\/","name":"Webzine de Tao","description":"Magazine shopping, info, conseils et bons plans","potentialAction":[{"@type":"SearchAction","target":{"@type":"EntryPoint","urlTemplate":"https:\/\/www.princessetao.com\/blog\/?s={search_term_string}"},"query-input":"required name=search_term_string"}],"inLanguage":"fr-FR"},{"@type":"WebPage","@id":"http:\/\/www.princessetao.com\/blog\/plan-du-site\/#webpage","url":"http:\/\/www.princessetao.com\/blog\/plan-du-site\/","name":"Plan du site - Webzine de Tao","isPartOf":{"@id":"https:\/\/www.princessetao.com\/blog\/#website"},"datePublished":"2022-02-13T14:01:07+00:00","dateModified":"2022-02-13T14:01:07+00:00","breadcrumb":{"@id":"http:\/\/www.princessetao.com\/blog\/plan-du-site\/#breadcrumb"},"inLanguage":"fr-FR","potentialAction":[{"@type":"ReadAction","target":["http:\/\/www.princessetao.com\/blog\/plan-du-site\/"]}]},{"@type":"BreadcrumbList","@id":"http:\/\/www.princessetao.com\/blog\/plan-du-site\/#breadcrumb","itemListElement":[{"@type":"ListItem","position":1,"name":"Home","item":"https:\/\/www.princessetao.com\/blog\/"},{"@type":"ListItem","position":2,"name":"Plan du site"}]}]}},"_links":{"self":[{"href":"https:\/\/www.princessetao.com\/blog\/wp-json\/wp\/v2\/pages\/213"}],"collection":[{"href":"https:\/\/www.princessetao.com\/blog\/wp-json\/wp\/v2\/pages"}],"about":[{"href":"https:\/\/www.princessetao.com\/blog\/wp-json\/wp\/v2\/types\/page"}],"author":[{"embeddable":true,"href":"https:\/\/www.princessetao.com\/blog\/wp-json\/wp\/v2\/users\/2"}],"replies":[{"embeddable":true,"href":"https:\/\/www.princessetao.com\/blog\/wp-json\/wp\/v2\/comments?post=213"}],"version-history":[{"count":2,"href":"https:\/\/www.princessetao.com\/blog\/wp-json\/wp\/v2\/pages\/213\/revisions"}],"predecessor-version":[{"id":215,"href":"https:\/\/www.princessetao.com\/blog\/wp-json\/wp\/v2\/pages\/213\/revisions\/215"}],"wp:attachment":[{"href":"https:\/\/www.princessetao.com\/blog\/wp-json\/wp\/v2\/media?parent=213"}],"curies":[{"name":"wp","href":"https:\/\/api.w.org\/{rel}","templated":true}]}}